{"id":1449,"date":"2024-08-14T07:16:10","date_gmt":"2024-08-14T11:16:10","guid":{"rendered":"https:\/\/www.snpp.edu.py\/catalogo\/?page_id=1449"},"modified":"2024-08-14T07:48:15","modified_gmt":"2024-08-14T11:48:15","slug":"catalogo-digital-de-perfiles-profesionales-y-sus-modulos-formativos","status":"publish","type":"page","link":"https:\/\/www.snpp.edu.py\/catalogo\/catalogo-digital-de-perfiles-profesionales-y-sus-modulos-formativos\/","title":{"rendered":"Catalogo Digital de Perfiles Profesionales y sus M\u00f3dulos Formativos"},"content":{"rendered":"\t\t<div data-elementor-type=\"wp-page\" data-elementor-id=\"1449\" class=\"elementor elementor-1449\">\n\t\t\t\t<div class=\"elementor-element elementor-element-e9b82f7 e-flex e-con-boxed wpr-particle-no wpr-jarallax-no wpr-parallax-no wpr-sticky-section-no e-con e-parent\" data-id=\"e9b82f7\" data-element_type=\"container\" data-settings=\"{&quot;background_background&quot;:&quot;classic&quot;}\">\n\t\t\t\t\t<div class=\"e-con-inner\">\n\t\t\t\t<div class=\"elementor-element elementor-element-5f7e448 elementor-widget elementor-widget-heading\" data-id=\"5f7e448\" data-element_type=\"widget\" data-widget_type=\"heading.default\">\n\t\t\t\t<div class=\"elementor-widget-container\">\n\t\t\t\t\t<h2 class=\"elementor-heading-title elementor-size-default\">Micrositio en Construcci\u00f3n<\/h2>\t\t\t\t<\/div>\n\t\t\t\t<\/div>\n\t\t\t\t<div class=\"elementor-element elementor-element-ac75e67 elementor-widget elementor-widget-image\" data-id=\"ac75e67\" data-element_type=\"widget\" data-widget_type=\"image.default\">\n\t\t\t\t<div class=\"elementor-widget-container\">\n\t\t\t\t\t\t\t\t\t\t\t\t\t\t\t<img fetchpriority=\"high\" decoding=\"async\" width=\"674\" height=\"530\" src=\"https:\/\/www.snpp.edu.py\/catalogo\/wp-content\/uploads\/2024\/08\/Screenshot-2024-08-14-at-07-23-58-plantilla-plana-construccion_23-2147741030.jpg-Imagen-AVIF-740-\u00d7-740-pixeles.png\" class=\"attachment-full size-full wp-image-2972\" alt=\"\" \/>\t\t\t\t\t\t\t\t\t\t\t\t\t\t\t<\/div>\n\t\t\t\t<\/div>\n\t\t\t\t<div class=\"elementor-element elementor-element-e41a46e elementor-widget elementor-widget-heading\" data-id=\"e41a46e\" data-element_type=\"widget\" data-widget_type=\"heading.default\">\n\t\t\t\t<div class=\"elementor-widget-container\">\n\t\t\t\t\t<h2 class=\"elementor-heading-title elementor-size-default\">Estamos desarrolando el Cat\u00e1logo Digital de Perfiles Profesionales y sus \nM\u00f3dulos Formativos del SNPP<\/h2>\t\t\t\t<\/div>\n\t\t\t\t<\/div>\n\t\t\t\t\t<\/div>\n\t\t\t\t<\/div>\n\t\t\t\t<\/div>\n\t\t","protected":false},"excerpt":{"rendered":"<p>Micrositio en Construcci\u00f3n Estamos desarrolando el Cat\u00e1logo Digital de Perfiles Profesionales y sus M\u00f3dulos Formativos del SNPP<\/p>\n","protected":false},"author":1,"featured_media":0,"parent":0,"menu_order":0,"comment_status":"closed","ping_status":"closed","template":"elementor_canvas","meta":{"footnotes":""},"class_list":["post-1449","page","type-page","status-publish","hentry"],"_links":{"self":[{"href":"https:\/\/www.snpp.edu.py\/catalogo\/wp-json\/wp\/v2\/pages\/1449","targetHints":{"allow":["GET"]}}],"collection":[{"href":"https:\/\/www.snpp.edu.py\/catalogo\/wp-json\/wp\/v2\/pages"}],"about":[{"href":"https:\/\/www.snpp.edu.py\/catalogo\/wp-json\/wp\/v2\/types\/page"}],"author":[{"embeddable":true,"href":"https:\/\/www.snpp.edu.py\/catalogo\/wp-json\/wp\/v2\/users\/1"}],"replies":[{"embeddable":true,"href":"https:\/\/www.snpp.edu.py\/catalogo\/wp-json\/wp\/v2\/comments?post=1449"}],"version-history":[{"count":61,"href":"https:\/\/www.snpp.edu.py\/catalogo\/wp-json\/wp\/v2\/pages\/1449\/revisions"}],"predecessor-version":[{"id":3018,"href":"https:\/\/www.snpp.edu.py\/catalogo\/wp-json\/wp\/v2\/pages\/1449\/revisions\/3018"}],"wp:attachment":[{"href":"https:\/\/www.snpp.edu.py\/catalogo\/wp-json\/wp\/v2\/media?parent=1449"}],"curies":[{"name":"wp","href":"https:\/\/api.w.org\/{rel}","templated":true}]}}