{"id":2117,"date":"2024-08-08T16:02:03","date_gmt":"2024-08-08T20:02:03","guid":{"rendered":"https:\/\/www.snpp.edu.py\/catalogo\/?page_id=2117"},"modified":"2024-08-08T16:04:04","modified_gmt":"2024-08-08T20:04:04","slug":"diseno-de-moda","status":"publish","type":"page","link":"https:\/\/www.snpp.edu.py\/catalogo\/textil-y-confeccion\/diseno-de-moda\/","title":{"rendered":"Dise\u00f1o de Moda"},"content":{"rendered":"\t\t<div data-elementor-type=\"wp-page\" data-elementor-id=\"2117\" class=\"elementor elementor-2117\">\n\t\t\t\t<div class=\"elementor-element elementor-element-65389f8 e-flex e-con-boxed wpr-particle-no wpr-jarallax-no wpr-parallax-no wpr-sticky-section-no e-con e-parent\" data-id=\"65389f8\" data-element_type=\"container\">\n\t\t\t\t\t<div class=\"e-con-inner\">\n\t\t\t\t<div class=\"elementor-element elementor-element-e317c6d elementor-widget elementor-widget-heading\" data-id=\"e317c6d\" data-element_type=\"widget\" data-widget_type=\"heading.default\">\n\t\t\t\t<div class=\"elementor-widget-container\">\n\t\t\t\t\t<h2 class=\"elementor-heading-title elementor-size-default\">Dise\u00f1o de Moda<\/h2>\t\t\t\t<\/div>\n\t\t\t\t<\/div>\n\t\t\t\t\t<\/div>\n\t\t\t\t<\/div>\n\t\t<div class=\"elementor-element elementor-element-fd21b01 e-flex e-con-boxed wpr-particle-no wpr-jarallax-no wpr-parallax-no wpr-sticky-section-no e-con e-parent\" data-id=\"fd21b01\" data-element_type=\"container\">\n\t\t\t\t\t<div class=\"e-con-inner\">\n\t\t<div class=\"elementor-element elementor-element-1473a13 e-con-full e-flex wpr-particle-no wpr-jarallax-no wpr-parallax-no wpr-sticky-section-no e-con e-child\" data-id=\"1473a13\" data-element_type=\"container\">\n\t\t\t\t<div class=\"elementor-element elementor-element-e212ce0 elementor-widget elementor-widget-embedpress_pdf\" data-id=\"e212ce0\" data-element_type=\"widget\" data-widget_type=\"embedpress_pdf.default\">\n\t\t\t\t<div class=\"elementor-widget-container\">\n\t\t\t\t\t    <div class=\"embedpress-document-embed ep-doc-2a4caeaa39d144a096c97372dc18df02 ose-document emebedpress-unit-percent \" data-thememode=\"default\" data-customcolor=\"\" data-toolbar=\"yes\" data-toolbar-position=\"top\" data-open=\"no\" data-presentation-mode=\"yes\" data-download=\"\" data-copy=\"\" data-add-image=\"\" data-rotate=\"yes\" data-details=\"\" data-id=\"embedpress-pdf-e212ce0\" data-selection-tool=\"0\" data-scrolling=\"0\" data-spreads=\"-1\" style=\" max-width:100%; display: inline-block\">\n        \n        \n                <div >\n                \n                    <div id=\"ep-elementor-content-e212ce0\" class=\"ep-elementor-content   ep-percentage-width   ep-content-protection-disabled\">\n                        <div id=\"e212ce0\" class=\"ep-embed-content-wraper\">\n                            <div><iframe title=\"ADMINISTRACION Y GESTI\u00d3N DE NEGOCIOS DEL \u00c1REA TEXTIL Y CONFECCI\u00d3N\" class=\"embedpress-embed-document-pdf embedpress-pdf-e212ce0\" style=\"width: 600%!important;height: 480px;; max-width:100%; display: inline-block\" src=\"https:\/\/www.snpp.edu.py\/catalogo\/wp-admin\/admin-ajax.php?action=get_viewer&#038;file=https%3A%2F%2Fwww.snpp.edu.py%2Fcatalogo%2Fwp-content%2Fuploads%2F2024%2F08%2FADMINISTRACION-Y-GESTION-DE-NEGOCIOS-DEL-AREA-TEXTIL-Y-CONFECCION.pdf&#038;scrolling=0&#038;selection_tool=0&#038;spreads=-1#key=dGhlbWVNb2RlPWRlZmF1bHQmdG9vbGJhcj10cnVlJnBvc2l0aW9uPXRvcCZwcmVzZW50YXRpb249dHJ1ZSZsYXp5TG9hZD1mYWxzZSZkb3dubG9hZD0mY29weV90ZXh0PSZhZGRfdGV4dD1mYWxzZSZkcmF3PSZhZGRfaW1hZ2U9ZmFsc2UmcGRmX3JvdGF0aW9uPXRydWUmcGRmX2RldGFpbHM9ZmFsc2Umem9vbV9pbj10cnVlJnpvb21fb3V0PXRydWUmZml0X3ZpZXc9dHJ1ZSZib29rbWFyaz10cnVlJmZsaXBib29rX3Rvb2xiYXJfcG9zaXRpb249Ym90dG9tJnNlbGVjdGlvbl90b29sPTAmc2Nyb2xsaW5nPTAmc3ByZWFkcz0tMSZpc19wcm9fYWN0aXZlPTE=&#038;zoom=auto\" class=\"embedpress-embed-document-pdf embedpress-pdf-e212ce0\" data-emid=\"embedpress-pdf-e212ce0\" frameborder=\"0\"><\/iframe><\/div>                        <\/div> \n\n                    <\/div>\n        \n\n                   \n                <\/div>\n            \n    <\/div>\n\n\t\t\t\t<\/div>\n\t\t\t\t<\/div>\n\t\t\t\t<\/div>\n\t\t<div class=\"elementor-element elementor-element-886e1b3 e-con-full e-flex wpr-particle-no wpr-jarallax-no wpr-parallax-no wpr-sticky-section-no e-con e-child\" data-id=\"886e1b3\" data-element_type=\"container\">\n\t\t\t\t<div class=\"elementor-element elementor-element-a0b1ee3 elementor-widget elementor-widget-embedpress_pdf\" data-id=\"a0b1ee3\" data-element_type=\"widget\" data-widget_type=\"embedpress_pdf.default\">\n\t\t\t\t<div class=\"elementor-widget-container\">\n\t\t\t\t\t    <div class=\"embedpress-document-embed ep-doc-491ecc4ae984f25edb64418d81c99d4b ose-document emebedpress-unit-percent \" data-thememode=\"default\" data-customcolor=\"\" data-toolbar=\"yes\" data-toolbar-position=\"top\" data-open=\"no\" data-presentation-mode=\"yes\" data-download=\"\" data-copy=\"\" data-add-image=\"\" data-rotate=\"yes\" data-details=\"\" data-id=\"embedpress-pdf-a0b1ee3\" data-selection-tool=\"0\" data-scrolling=\"0\" data-spreads=\"-1\" style=\" max-width:100%; display: inline-block\">\n        \n        \n                <div >\n                \n                    <div id=\"ep-elementor-content-a0b1ee3\" class=\"ep-elementor-content   ep-percentage-width   ep-content-protection-disabled\">\n                        <div id=\"a0b1ee3\" class=\"ep-embed-content-wraper\">\n                            <div><iframe title=\"ILUSTRACION TRADICIONAL DE MODA\" class=\"embedpress-embed-document-pdf embedpress-pdf-a0b1ee3\" style=\"width: 600%!important;height: 480px;; max-width:100%; display: inline-block\" src=\"https:\/\/www.snpp.edu.py\/catalogo\/wp-admin\/admin-ajax.php?action=get_viewer&#038;file=https%3A%2F%2Fwww.snpp.edu.py%2Fcatalogo%2Fwp-content%2Fuploads%2F2024%2F08%2FILUSTRACION-TRADICIONAL-DE-MODA.pdf&#038;scrolling=0&#038;selection_tool=0&#038;spreads=-1#key=dGhlbWVNb2RlPWRlZmF1bHQmdG9vbGJhcj10cnVlJnBvc2l0aW9uPXRvcCZwcmVzZW50YXRpb249dHJ1ZSZsYXp5TG9hZD1mYWxzZSZkb3dubG9hZD0mY29weV90ZXh0PSZhZGRfdGV4dD1mYWxzZSZkcmF3PSZhZGRfaW1hZ2U9ZmFsc2UmcGRmX3JvdGF0aW9uPXRydWUmcGRmX2RldGFpbHM9ZmFsc2Umem9vbV9pbj10cnVlJnpvb21fb3V0PXRydWUmZml0X3ZpZXc9dHJ1ZSZib29rbWFyaz10cnVlJmZsaXBib29rX3Rvb2xiYXJfcG9zaXRpb249Ym90dG9tJnNlbGVjdGlvbl90b29sPTAmc2Nyb2xsaW5nPTAmc3ByZWFkcz0tMSZpc19wcm9fYWN0aXZlPTE=&#038;zoom=auto\" class=\"embedpress-embed-document-pdf embedpress-pdf-a0b1ee3\" data-emid=\"embedpress-pdf-a0b1ee3\" frameborder=\"0\"><\/iframe><\/div>                        <\/div> \n\n                    <\/div>\n        \n\n                   \n                <\/div>\n            \n    <\/div>\n\n\t\t\t\t<\/div>\n\t\t\t\t<\/div>\n\t\t\t\t<\/div>\n\t\t<div class=\"elementor-element elementor-element-3c744ed e-con-full e-flex wpr-particle-no wpr-jarallax-no wpr-parallax-no wpr-sticky-section-no e-con e-child\" data-id=\"3c744ed\" data-element_type=\"container\">\n\t\t\t\t<div class=\"elementor-element elementor-element-fe8215c elementor-widget elementor-widget-embedpress_pdf\" data-id=\"fe8215c\" data-element_type=\"widget\" data-widget_type=\"embedpress_pdf.default\">\n\t\t\t\t<div class=\"elementor-widget-container\">\n\t\t\t\t\t    <div class=\"embedpress-document-embed ep-doc-16bd1fd3953cbe822fa56103edc4f9f2 ose-document emebedpress-unit-percent \" data-thememode=\"default\" data-customcolor=\"\" data-toolbar=\"yes\" data-toolbar-position=\"top\" data-open=\"no\" data-presentation-mode=\"yes\" data-download=\"\" data-copy=\"\" data-add-image=\"\" data-rotate=\"yes\" data-details=\"\" data-id=\"embedpress-pdf-fe8215c\" data-selection-tool=\"0\" data-scrolling=\"0\" data-spreads=\"-1\" style=\" max-width:100%; display: inline-block\">\n        \n        \n                <div >\n                \n                    <div id=\"ep-elementor-content-fe8215c\" class=\"ep-elementor-content   ep-percentage-width   ep-content-protection-disabled\">\n                        <div id=\"fe8215c\" class=\"ep-embed-content-wraper\">\n                            <div><iframe title=\"ILUSTRADOR DIGITAL DE MODA\" class=\"embedpress-embed-document-pdf embedpress-pdf-fe8215c\" style=\"width: 600%!important;height: 480px;; max-width:100%; display: inline-block\" src=\"https:\/\/www.snpp.edu.py\/catalogo\/wp-admin\/admin-ajax.php?action=get_viewer&#038;file=https%3A%2F%2Fwww.snpp.edu.py%2Fcatalogo%2Fwp-content%2Fuploads%2F2024%2F08%2FILUSTRADOR-DIGITAL-DE-MODA.pdf&#038;scrolling=0&#038;selection_tool=0&#038;spreads=-1#key=dGhlbWVNb2RlPWRlZmF1bHQmdG9vbGJhcj10cnVlJnBvc2l0aW9uPXRvcCZwcmVzZW50YXRpb249dHJ1ZSZsYXp5TG9hZD1mYWxzZSZkb3dubG9hZD0mY29weV90ZXh0PSZhZGRfdGV4dD1mYWxzZSZkcmF3PSZhZGRfaW1hZ2U9ZmFsc2UmcGRmX3JvdGF0aW9uPXRydWUmcGRmX2RldGFpbHM9ZmFsc2Umem9vbV9pbj10cnVlJnpvb21fb3V0PXRydWUmZml0X3ZpZXc9dHJ1ZSZib29rbWFyaz10cnVlJmZsaXBib29rX3Rvb2xiYXJfcG9zaXRpb249Ym90dG9tJnNlbGVjdGlvbl90b29sPTAmc2Nyb2xsaW5nPTAmc3ByZWFkcz0tMSZpc19wcm9fYWN0aXZlPTE=&#038;zoom=auto\" class=\"embedpress-embed-document-pdf embedpress-pdf-fe8215c\" data-emid=\"embedpress-pdf-fe8215c\" frameborder=\"0\"><\/iframe><\/div>                        <\/div> \n\n                    <\/div>\n        \n\n                   \n                <\/div>\n            \n    <\/div>\n\n\t\t\t\t<\/div>\n\t\t\t\t<\/div>\n\t\t\t\t<\/div>\n\t\t\t\t\t<\/div>\n\t\t\t\t<\/div>\n\t\t<div class=\"elementor-element elementor-element-c60dcda e-flex e-con-boxed wpr-particle-no wpr-jarallax-no wpr-parallax-no wpr-sticky-section-no e-con e-parent\" data-id=\"c60dcda\" data-element_type=\"container\">\n\t\t\t\t\t<div class=\"e-con-inner\">\n\t\t<div class=\"elementor-element elementor-element-441a165 e-con-full e-flex wpr-particle-no wpr-jarallax-no wpr-parallax-no wpr-sticky-section-no e-con e-child\" data-id=\"441a165\" data-element_type=\"container\">\n\t\t\t\t<div class=\"elementor-element elementor-element-4bf0f33 elementor-widget elementor-widget-embedpress_pdf\" data-id=\"4bf0f33\" data-element_type=\"widget\" data-widget_type=\"embedpress_pdf.default\">\n\t\t\t\t<div class=\"elementor-widget-container\">\n\t\t\t\t\t    <div class=\"embedpress-document-embed ep-doc-6a7b912f9c74974a5358bb21c96186ba ose-document emebedpress-unit-percent \" data-thememode=\"default\" data-customcolor=\"\" data-toolbar=\"yes\" data-toolbar-position=\"top\" data-open=\"no\" data-presentation-mode=\"yes\" data-download=\"\" data-copy=\"\" data-add-image=\"\" data-rotate=\"yes\" data-details=\"\" data-id=\"embedpress-pdf-4bf0f33\" data-selection-tool=\"0\" data-scrolling=\"0\" data-spreads=\"-1\" style=\" max-width:100%; display: inline-block\">\n        \n        \n                <div >\n                \n                    <div id=\"ep-elementor-content-4bf0f33\" class=\"ep-elementor-content   ep-percentage-width   ep-content-protection-disabled\">\n                        <div id=\"4bf0f33\" class=\"ep-embed-content-wraper\">\n                            <div><iframe title=\"MOLDERIA BASICA\" class=\"embedpress-embed-document-pdf embedpress-pdf-4bf0f33\" style=\"width: 600%!important;height: 480px;; max-width:100%; display: inline-block\" src=\"https:\/\/www.snpp.edu.py\/catalogo\/wp-admin\/admin-ajax.php?action=get_viewer&#038;file=https%3A%2F%2Fwww.snpp.edu.py%2Fcatalogo%2Fwp-content%2Fuploads%2F2024%2F08%2FMOLDERIA-BASICA.pdf&#038;scrolling=0&#038;selection_tool=0&#038;spreads=-1#key=dGhlbWVNb2RlPWRlZmF1bHQmdG9vbGJhcj10cnVlJnBvc2l0aW9uPXRvcCZwcmVzZW50YXRpb249dHJ1ZSZsYXp5TG9hZD1mYWxzZSZkb3dubG9hZD0mY29weV90ZXh0PSZhZGRfdGV4dD1mYWxzZSZkcmF3PSZhZGRfaW1hZ2U9ZmFsc2UmcGRmX3JvdGF0aW9uPXRydWUmcGRmX2RldGFpbHM9ZmFsc2Umem9vbV9pbj10cnVlJnpvb21fb3V0PXRydWUmZml0X3ZpZXc9dHJ1ZSZib29rbWFyaz10cnVlJmZsaXBib29rX3Rvb2xiYXJfcG9zaXRpb249Ym90dG9tJnNlbGVjdGlvbl90b29sPTAmc2Nyb2xsaW5nPTAmc3ByZWFkcz0tMSZpc19wcm9fYWN0aXZlPTE=&#038;zoom=auto\" class=\"embedpress-embed-document-pdf embedpress-pdf-4bf0f33\" data-emid=\"embedpress-pdf-4bf0f33\" frameborder=\"0\"><\/iframe><\/div>                        <\/div> \n\n                    <\/div>\n        \n\n                   \n                <\/div>\n            \n    <\/div>\n\n\t\t\t\t<\/div>\n\t\t\t\t<\/div>\n\t\t\t\t<\/div>\n\t\t<div class=\"elementor-element elementor-element-72aabd9 e-con-full e-flex wpr-particle-no wpr-jarallax-no wpr-parallax-no wpr-sticky-section-no e-con e-child\" data-id=\"72aabd9\" data-element_type=\"container\">\n\t\t\t\t<div class=\"elementor-element elementor-element-c80c39b elementor-widget elementor-widget-embedpress_pdf\" data-id=\"c80c39b\" data-element_type=\"widget\" data-widget_type=\"embedpress_pdf.default\">\n\t\t\t\t<div class=\"elementor-widget-container\">\n\t\t\t\t\t    <div class=\"embedpress-document-embed ep-doc-04c0cf65a2f11ad9a1fb5c0521a200ac ose-document emebedpress-unit-percent \" data-thememode=\"default\" data-customcolor=\"\" data-toolbar=\"yes\" data-toolbar-position=\"top\" data-open=\"no\" data-presentation-mode=\"yes\" data-download=\"\" data-copy=\"\" data-add-image=\"\" data-rotate=\"yes\" data-details=\"\" data-id=\"embedpress-pdf-c80c39b\" data-selection-tool=\"0\" data-scrolling=\"0\" data-spreads=\"-1\" style=\" max-width:100%; display: inline-block\">\n        \n        \n                <div >\n                \n                    <div id=\"ep-elementor-content-c80c39b\" class=\"ep-elementor-content   ep-percentage-width   ep-content-protection-disabled\">\n                        <div id=\"c80c39b\" class=\"ep-embed-content-wraper\">\n                            <div><iframe title=\"MOLDERIA INDUSTRIAL INICIAL\" class=\"embedpress-embed-document-pdf embedpress-pdf-c80c39b\" style=\"width: 600%!important;height: 480px;; max-width:100%; display: inline-block\" src=\"https:\/\/www.snpp.edu.py\/catalogo\/wp-admin\/admin-ajax.php?action=get_viewer&#038;file=https%3A%2F%2Fwww.snpp.edu.py%2Fcatalogo%2Fwp-content%2Fuploads%2F2024%2F08%2FMOLDERIA-INDUSTRIAL-INICIAL.pdf&#038;scrolling=0&#038;selection_tool=0&#038;spreads=-1#key=dGhlbWVNb2RlPWRlZmF1bHQmdG9vbGJhcj10cnVlJnBvc2l0aW9uPXRvcCZwcmVzZW50YXRpb249dHJ1ZSZsYXp5TG9hZD1mYWxzZSZkb3dubG9hZD0mY29weV90ZXh0PSZhZGRfdGV4dD1mYWxzZSZkcmF3PSZhZGRfaW1hZ2U9ZmFsc2UmcGRmX3JvdGF0aW9uPXRydWUmcGRmX2RldGFpbHM9ZmFsc2Umem9vbV9pbj10cnVlJnpvb21fb3V0PXRydWUmZml0X3ZpZXc9dHJ1ZSZib29rbWFyaz10cnVlJmZsaXBib29rX3Rvb2xiYXJfcG9zaXRpb249Ym90dG9tJnNlbGVjdGlvbl90b29sPTAmc2Nyb2xsaW5nPTAmc3ByZWFkcz0tMSZpc19wcm9fYWN0aXZlPTE=&#038;zoom=auto\" class=\"embedpress-embed-document-pdf embedpress-pdf-c80c39b\" data-emid=\"embedpress-pdf-c80c39b\" frameborder=\"0\"><\/iframe><\/div>                        <\/div> \n\n                    <\/div>\n        \n\n                   \n                <\/div>\n            \n    <\/div>\n\n\t\t\t\t<\/div>\n\t\t\t\t<\/div>\n\t\t\t\t<\/div>\n\t\t<div class=\"elementor-element elementor-element-18de769 e-con-full e-flex wpr-particle-no wpr-jarallax-no wpr-parallax-no wpr-sticky-section-no e-con e-child\" data-id=\"18de769\" data-element_type=\"container\">\n\t\t\t\t<div class=\"elementor-element elementor-element-2915a12 elementor-widget elementor-widget-embedpress_pdf\" data-id=\"2915a12\" data-element_type=\"widget\" data-widget_type=\"embedpress_pdf.default\">\n\t\t\t\t<div class=\"elementor-widget-container\">\n\t\t\t\t\t    <div class=\"embedpress-document-embed ep-doc-b327bb7e15af07f6b6551fbaccf12646 ose-document emebedpress-unit-percent \" data-thememode=\"default\" data-customcolor=\"\" data-toolbar=\"yes\" data-toolbar-position=\"top\" data-open=\"no\" data-presentation-mode=\"yes\" data-download=\"\" data-copy=\"\" data-add-image=\"\" data-rotate=\"yes\" data-details=\"\" data-id=\"embedpress-pdf-2915a12\" data-selection-tool=\"0\" data-scrolling=\"0\" data-spreads=\"-1\" style=\" max-width:100%; display: inline-block\">\n        \n        \n                <div >\n                \n                    <div id=\"ep-elementor-content-2915a12\" class=\"ep-elementor-content   ep-percentage-width   ep-content-protection-disabled\">\n                        <div id=\"2915a12\" class=\"ep-embed-content-wraper\">\n                            <div><iframe title=\"PLANIFICACION DEL COLOR\" class=\"embedpress-embed-document-pdf embedpress-pdf-2915a12\" style=\"width: 600%!important;height: 480px;; max-width:100%; display: inline-block\" src=\"https:\/\/www.snpp.edu.py\/catalogo\/wp-admin\/admin-ajax.php?action=get_viewer&#038;file=https%3A%2F%2Fwww.snpp.edu.py%2Fcatalogo%2Fwp-content%2Fuploads%2F2024%2F08%2FPLANIFICACION-DEL-COLOR.pdf&#038;scrolling=0&#038;selection_tool=0&#038;spreads=-1#key=dGhlbWVNb2RlPWRlZmF1bHQmdG9vbGJhcj10cnVlJnBvc2l0aW9uPXRvcCZwcmVzZW50YXRpb249dHJ1ZSZsYXp5TG9hZD1mYWxzZSZkb3dubG9hZD0mY29weV90ZXh0PSZhZGRfdGV4dD1mYWxzZSZkcmF3PSZhZGRfaW1hZ2U9ZmFsc2UmcGRmX3JvdGF0aW9uPXRydWUmcGRmX2RldGFpbHM9ZmFsc2Umem9vbV9pbj10cnVlJnpvb21fb3V0PXRydWUmZml0X3ZpZXc9dHJ1ZSZib29rbWFyaz10cnVlJmZsaXBib29rX3Rvb2xiYXJfcG9zaXRpb249Ym90dG9tJnNlbGVjdGlvbl90b29sPTAmc2Nyb2xsaW5nPTAmc3ByZWFkcz0tMSZpc19wcm9fYWN0aXZlPTE=&#038;zoom=auto\" class=\"embedpress-embed-document-pdf embedpress-pdf-2915a12\" data-emid=\"embedpress-pdf-2915a12\" frameborder=\"0\"><\/iframe><\/div>                        <\/div> \n\n                    <\/div>\n        \n\n                   \n                <\/div>\n            \n    <\/div>\n\n\t\t\t\t<\/div>\n\t\t\t\t<\/div>\n\t\t\t\t<\/div>\n\t\t\t\t\t<\/div>\n\t\t\t\t<\/div>\n\t\t\t\t<\/div>\n\t\t","protected":false},"excerpt":{"rendered":"<p>Dise\u00f1o de Moda<\/p>\n","protected":false},"author":1,"featured_media":0,"parent":1567,"menu_order":0,"comment_status":"closed","ping_status":"closed","template":"elementor_canvas","meta":{"footnotes":""},"class_list":["post-2117","page","type-page","status-publish","hentry"],"_links":{"self":[{"href":"https:\/\/www.snpp.edu.py\/catalogo\/wp-json\/wp\/v2\/pages\/2117","targetHints":{"allow":["GET"]}}],"collection":[{"href":"https:\/\/www.snpp.edu.py\/catalogo\/wp-json\/wp\/v2\/pages"}],"about":[{"href":"https:\/\/www.snpp.edu.py\/catalogo\/wp-json\/wp\/v2\/types\/page"}],"author":[{"embeddable":true,"href":"https:\/\/www.snpp.edu.py\/catalogo\/wp-json\/wp\/v2\/users\/1"}],"replies":[{"embeddable":true,"href":"https:\/\/www.snpp.edu.py\/catalogo\/wp-json\/wp\/v2\/comments?post=2117"}],"version-history":[{"count":4,"href":"https:\/\/www.snpp.edu.py\/catalogo\/wp-json\/wp\/v2\/pages\/2117\/revisions"}],"predecessor-version":[{"id":2127,"href":"https:\/\/www.snpp.edu.py\/catalogo\/wp-json\/wp\/v2\/pages\/2117\/revisions\/2127"}],"up":[{"embeddable":true,"href":"https:\/\/www.snpp.edu.py\/catalogo\/wp-json\/wp\/v2\/pages\/1567"}],"wp:attachment":[{"href":"https:\/\/www.snpp.edu.py\/catalogo\/wp-json\/wp\/v2\/media?parent=2117"}],"curies":[{"name":"wp","href":"https:\/\/api.w.org\/{rel}","templated":true}]}}